{"id":303,"date":"2024-05-28T16:26:45","date_gmt":"2024-05-28T16:26:45","guid":{"rendered":"https:\/\/critical-entities-resilience.eu\/index.php\/pagina-principal\/"},"modified":"2024-06-13T16:00:29","modified_gmt":"2024-06-13T16:00:29","slug":"pagina-principal","status":"publish","type":"page","link":"https:\/\/critical-entities-resilience.eu\/pt-pt\/","title":{"rendered":"P\u00e1gina Principal"},"content":{"rendered":"<p>[et_pb_section fb_built=&#8221;1&#8243; custom_padding_last_edited=&#8221;on|desktop&#8221; _builder_version=&#8221;4.25.1&#8243; _module_preset=&#8221;default&#8221; use_background_color_gradient=&#8221;on&#8221; background_color_gradient_stops=&#8221;#ffffff 6%|rgba(255,255,255,0.77) 91%&#8221; background_color_gradient_overlays_image=&#8221;on&#8221; background_image=&#8221;https:\/\/critical-entities-resilience.eu\/wp-content\/uploads\/2024\/06\/pexels-szymon-shields-1503561-10495285-1-scaled.jpg&#8221; background_position=&#8221;bottom_center&#8221; custom_margin=&#8221;100px||||false|false&#8221; custom_padding=&#8221;170px||||false|false&#8221; custom_padding_tablet=&#8221;10px||||false|false&#8221; custom_padding_phone=&#8221;10px||||false|false&#8221; hover_enabled=&#8221;0&#8243; da_disable_devices=&#8221;off|off|off&#8221; global_colors_info=&#8221;{}&#8221; title_text=&#8221;pexels-szymon-shields-1503561-10495285&#8243; sticky_enabled=&#8221;0&#8243; da_is_popup=&#8221;off&#8221; da_exit_intent=&#8221;off&#8221; da_has_close=&#8221;on&#8221; da_alt_close=&#8221;off&#8221; da_dark_close=&#8221;off&#8221; da_not_modal=&#8221;on&#8221; da_is_singular=&#8221;off&#8221; da_with_loader=&#8221;off&#8221; da_has_shadow=&#8221;on&#8221;][et_pb_row _builder_version=&#8221;4.25.1&#8243; _module_preset=&#8221;default&#8221; global_colors_info=&#8221;{}&#8221;][et_pb_column type=&#8221;4_4&#8243; _builder_version=&#8221;4.25.1&#8243; _module_preset=&#8221;default&#8221; global_colors_info=&#8221;{}&#8221;][et_pb_text _builder_version=&#8221;4.25.1&#8243; _module_preset=&#8221;default&#8221; text_text_color=&#8221;gcid-body-color&#8221; text_font_size=&#8221;20px&#8221; text_orientation=&#8221;center&#8221; custom_margin=&#8221;||6px|||&#8221; global_colors_info=&#8221;{%22gcid-body-color%22:%91%22text_text_color%22%93}&#8221;]<\/p>\n<p>Sabe qual o impacto da <span>Diretiva Resili\u00eancia das Entidades Cr\u00edticas (RCE)<\/span> na sua organiza\u00e7\u00e3o?<\/p>\n<p>[\/et_pb_text][et_pb_text _builder_version=&#8221;4.25.1&#8243; _module_preset=&#8221;default&#8221; header_font=&#8221;|700|||||||&#8221; header_text_align=&#8221;center&#8221; header_text_color=&#8221;gcid-heading-color&#8221; header_line_height=&#8221;60.95px&#8221; custom_margin=&#8221;||34px|||&#8221; global_colors_info=&#8221;{%22gcid-heading-color%22:%91%22header_text_color%22%93}&#8221;]<\/p>\n<h1 xmind-vk-rich-text-fragment-id=\"1718287002589-9329\" style=\"text-align: center;\"><span>Diretiva Resili\u00eancia das Entidades Cr\u00edticas<\/span><\/h1>\n<p>[\/et_pb_text][et_pb_text _builder_version=&#8221;4.25.1&#8243; _module_preset=&#8221;default&#8221; text_text_color=&#8221;gcid-body-color&#8221; text_font_size=&#8221;22px&#8221; text_line_height=&#8221;1.8em&#8221; text_orientation=&#8221;center&#8221; global_colors_info=&#8221;{%22gcid-body-color%22:%91%22text_text_color%22%93}&#8221;]<\/p>\n<div xmind-vk-rich-text-fragment-id=\"1718287032245-7288\"><span>Diretiva (UE) 2022\/2557, de 14 de dezembro de 2022 <\/span><\/div>\n<p>[\/et_pb_text][\/et_pb_column][\/et_pb_row][et_pb_row disabled_on=&#8221;off|off|off&#8221; _builder_version=&#8221;4.25.1&#8243; _module_preset=&#8221;default&#8221; custom_margin=&#8221;||||false|false&#8221; custom_padding=&#8221;||||false|false&#8221; global_colors_info=&#8221;{}&#8221;][et_pb_column type=&#8221;4_4&#8243; _builder_version=&#8221;4.25.1&#8243; _module_preset=&#8221;default&#8221; global_colors_info=&#8221;{}&#8221;][et_pb_button button_url=&#8221;@ET-DC@eyJkeW5hbWljIjp0cnVlLCJjb250ZW50IjoicG9zdF9saW5rX3VybF9wYWdlIiwic2V0dGluZ3MiOnsicG9zdF9pZCI6IjIzIn19@&#8221; button_text=&#8221;Vis\u00e3o geral do regulamento &#8221; button_alignment=&#8221;center&#8221; _builder_version=&#8221;4.25.1&#8243; _dynamic_attributes=&#8221;button_url&#8221; _module_preset=&#8221;default&#8221; custom_button=&#8221;on&#8221; button_text_color=&#8221;#FFFFFF&#8221; button_bg_color=&#8221;gcid-primary-color&#8221; button_border_width=&#8221;0px&#8221; button_border_color=&#8221;gcid-secondary-color&#8221; button_border_radius=&#8221;4px&#8221; custom_padding=&#8221;12px||12px||true|false&#8221; custom_css_main_element=&#8221;||text-align:center;&#8221; global_colors_info=&#8221;{%22gcid-secondary-color%22:%91%22button_border_color%22%93,%22gcid-primary-color%22:%91%22button_bg_color%22%93}&#8221;][\/et_pb_button][\/et_pb_column][\/et_pb_row][\/et_pb_section][et_pb_section fb_built=&#8221;1&#8243; _builder_version=&#8221;4.25.1&#8243; _module_preset=&#8221;default&#8221; background_color=&#8221;#f7f7f7&#8243; da_disable_devices=&#8221;off|off|off&#8221; global_colors_info=&#8221;{}&#8221; da_is_popup=&#8221;off&#8221; da_exit_intent=&#8221;off&#8221; da_has_close=&#8221;on&#8221; da_alt_close=&#8221;off&#8221; da_dark_close=&#8221;off&#8221; da_not_modal=&#8221;on&#8221; da_is_singular=&#8221;off&#8221; da_with_loader=&#8221;off&#8221; da_has_shadow=&#8221;on&#8221;][et_pb_row _builder_version=&#8221;4.25.1&#8243; _module_preset=&#8221;default&#8221; global_colors_info=&#8221;{}&#8221;][et_pb_column type=&#8221;4_4&#8243; _builder_version=&#8221;4.25.1&#8243; _module_preset=&#8221;default&#8221; global_colors_info=&#8221;{}&#8221;][et_pb_text _builder_version=&#8221;4.25.1&#8243; _module_preset=&#8221;default&#8221; text_text_color=&#8221;#777777&#8243; text_font_size=&#8221;20px&#8221; text_line_height=&#8221;30.75px&#8221; global_colors_info=&#8221;{}&#8221;]<\/p>\n<p style=\"text-align: center;\">Gostaria de ter acesso gratuito a um conjunto de recursos sobre este regulamento?<\/p>\n<p>[\/et_pb_text][et_pb_text _builder_version=&#8221;4.25.1&#8243; _module_preset=&#8221;default&#8221; header_font=&#8221;|700|||||||&#8221; header_text_color=&#8221;gcid-heading-color&#8221; header_font_size=&#8221;35px&#8221; header_line_height=&#8221;42.67px&#8221; custom_margin=&#8221;||36px|||&#8221; global_colors_info=&#8221;{%22gcid-heading-color%22:%91%22header_text_color%22%93}&#8221;]<\/p>\n<h1 xmind-vk-rich-text-fragment-id=\"1718287634000-5204\" style=\"text-align: center;\"><strong>Recursos<\/strong> <span>de Directivas de Resili\u00eancia das Entidades Cr\u00edticas<\/span><\/h1>\n<p>[\/et_pb_text][et_pb_divider color=&#8221;#c4c4c4&#8243; divider_weight=&#8221;0.5px&#8221; _builder_version=&#8221;4.25.1&#8243; _module_preset=&#8221;default&#8221; module_alignment=&#8221;center&#8221; global_colors_info=&#8221;{}&#8221;][\/et_pb_divider][et_pb_text _builder_version=&#8221;4.25.1&#8243; _module_preset=&#8221;default&#8221; text_text_color=&#8221;#777777&#8243; text_font_size=&#8221;20px&#8221; text_line_height=&#8221;30.75px&#8221; text_orientation=&#8221;center&#8221; global_colors_info=&#8221;{}&#8221;]<\/p>\n<div xmind-vk-rich-text-fragment-id=\"1718287118457-9163\"><span>Diretiva (UE) 2022\/2557, de 14 de dezembro de 2022 <\/span><\/div>\n<p>[\/et_pb_text][et_pb_button button_url=&#8221;@ET-DC@eyJkeW5hbWljIjp0cnVlLCJjb250ZW50IjoicG9zdF9saW5rX3VybF9wYWdlIiwic2V0dGluZ3MiOnsicG9zdF9pZCI6IjE2NSJ9fQ==@&#8221; button_text=&#8221;Registo de recursos&#8221; button_alignment=&#8221;center&#8221; _builder_version=&#8221;4.25.1&#8243; _dynamic_attributes=&#8221;button_url&#8221; _module_preset=&#8221;default&#8221; custom_button=&#8221;on&#8221; button_text_color=&#8221;#FFFFFF&#8221; button_bg_color=&#8221;gcid-primary-color&#8221; button_border_width=&#8221;0px&#8221; button_border_color=&#8221;gcid-secondary-color&#8221; button_border_radius=&#8221;4px&#8221; custom_padding=&#8221;12px||12px||true|false&#8221; custom_css_main_element=&#8221;||text-align:center;&#8221; global_colors_info=&#8221;{%22gcid-secondary-color%22:%91%22button_border_color%22%93,%22gcid-primary-color%22:%91%22button_bg_color%22%93}&#8221;][\/et_pb_button][\/et_pb_column][\/et_pb_row][et_pb_row column_structure=&#8221;1_3,1_3,1_3&#8243; disabled_on=&#8221;on|on|on&#8221; _builder_version=&#8221;4.25.1&#8243; _module_preset=&#8221;default&#8221; disabled=&#8221;on&#8221; locked=&#8221;off&#8221; global_colors_info=&#8221;{}&#8221;][et_pb_column type=&#8221;1_3&#8243; _builder_version=&#8221;4.25.1&#8243; _module_preset=&#8221;default&#8221; global_colors_info=&#8221;{}&#8221;][et_pb_blurb title=&#8221;Lorem 01&#8243; use_icon=&#8221;on&#8221; font_icon=&#8221;&#xe059;||divi||400&#8243; icon_color=&#8221;#9d9d9d&#8221; image_icon_width=&#8221;30px&#8221; icon_alignment=&#8221;left&#8221; content_max_width=&#8221;528px&#8221; _builder_version=&#8221;4.25.1&#8243; _module_preset=&#8221;default&#8221; header_font=&#8221;|700|||||||&#8221; header_text_color=&#8221;gcid-body-color&#8221; header_font_size=&#8221;20px&#8221; header_line_height=&#8221;24.38px&#8221; body_text_color=&#8221;#777777&#8243; body_line_height=&#8221;30.75px&#8221; width=&#8221;100%&#8221; max_width=&#8221;100%&#8221; global_colors_info=&#8221;{%22gcid-body-color%22:%91%22header_text_color%22%93}&#8221;]<\/p>\n<p style=\"text-align: left;\"><span>Excepteur sint occaecat cupidatat non proident, sunt in culpa qui officia deserunt mollit anim id est laborum.<\/span><\/p>\n<p>[\/et_pb_blurb][et_pb_button button_text=&#8221;Mais+&#8221; _builder_version=&#8221;4.25.1&#8243; _module_preset=&#8221;default&#8221; custom_button=&#8221;on&#8221; button_text_color=&#8221;#FFFFFF&#8221; button_bg_color=&#8221;gcid-body-color&#8221; button_border_width=&#8221;0px&#8221; button_border_radius=&#8221;4px&#8221; locked=&#8221;off&#8221; global_colors_info=&#8221;{%22gcid-body-color%22:%91%22button_bg_color%22%93}&#8221;][\/et_pb_button][\/et_pb_column][et_pb_column type=&#8221;1_3&#8243; _builder_version=&#8221;4.25.1&#8243; _module_preset=&#8221;default&#8221; global_colors_info=&#8221;{}&#8221;][et_pb_blurb title=&#8221;Lorem 01&#8243; use_icon=&#8221;on&#8221; font_icon=&#8221;&#xe059;||divi||400&#8243; icon_color=&#8221;#9d9d9d&#8221; image_icon_width=&#8221;30px&#8221; icon_alignment=&#8221;left&#8221; content_max_width=&#8221;528px&#8221; _builder_version=&#8221;4.25.1&#8243; _module_preset=&#8221;default&#8221; header_font=&#8221;|700|||||||&#8221; header_text_color=&#8221;gcid-body-color&#8221; header_font_size=&#8221;20px&#8221; header_line_height=&#8221;24.38px&#8221; body_text_color=&#8221;#777777&#8243; body_line_height=&#8221;30.75px&#8221; width=&#8221;100%&#8221; max_width=&#8221;100%&#8221; global_colors_info=&#8221;{%22gcid-body-color%22:%91%22header_text_color%22,%22header_text_color%22%93}&#8221;]<\/p>\n<p style=\"text-align: left;\"><span>Excepteur sint occaecat cupidatat non proident, sunt in culpa qui officia deserunt mollit anim id est laborum.<\/span><\/p>\n<p>[\/et_pb_blurb][et_pb_button button_text=&#8221;Mais+&#8221; _builder_version=&#8221;4.25.1&#8243; _module_preset=&#8221;default&#8221; custom_button=&#8221;on&#8221; button_text_color=&#8221;#FFFFFF&#8221; button_bg_color=&#8221;gcid-body-color&#8221; button_border_width=&#8221;0px&#8221; button_border_radius=&#8221;4px&#8221; locked=&#8221;off&#8221; global_colors_info=&#8221;{%22gcid-body-color%22:%91%22button_bg_color%22%93}&#8221;][\/et_pb_button][\/et_pb_column][et_pb_column type=&#8221;1_3&#8243; _builder_version=&#8221;4.25.1&#8243; _module_preset=&#8221;default&#8221; global_colors_info=&#8221;{}&#8221;][et_pb_blurb title=&#8221;Lorem 01&#8243; use_icon=&#8221;on&#8221; font_icon=&#8221;&#xe059;||divi||400&#8243; icon_color=&#8221;#9d9d9d&#8221; image_icon_width=&#8221;30px&#8221; icon_alignment=&#8221;left&#8221; content_max_width=&#8221;528px&#8221; _builder_version=&#8221;4.25.1&#8243; _module_preset=&#8221;default&#8221; header_font=&#8221;|700|||||||&#8221; header_text_color=&#8221;gcid-body-color&#8221; header_font_size=&#8221;20px&#8221; header_line_height=&#8221;24.38px&#8221; body_text_color=&#8221;#777777&#8243; body_line_height=&#8221;30.75px&#8221; width=&#8221;100%&#8221; max_width=&#8221;100%&#8221; global_colors_info=&#8221;{%22gcid-body-color%22:%91%22header_text_color%22,%22header_text_color%22%93}&#8221;]<\/p>\n<p style=\"text-align: left;\"><span>Excepteur sint occaecat cupidatat non proident, sunt in culpa qui officia deserunt mollit anim id est laborum.<\/span><\/p>\n<p>[\/et_pb_blurb][et_pb_button button_text=&#8221;Mais+&#8221; _builder_version=&#8221;4.25.1&#8243; _module_preset=&#8221;default&#8221; custom_button=&#8221;on&#8221; button_text_color=&#8221;#FFFFFF&#8221; button_bg_color=&#8221;gcid-body-color&#8221; button_border_width=&#8221;0px&#8221; button_border_radius=&#8221;4px&#8221; locked=&#8221;off&#8221; global_colors_info=&#8221;{%22gcid-body-color%22:%91%22button_bg_color%22%93}&#8221;][\/et_pb_button][\/et_pb_column][\/et_pb_row][\/et_pb_section][et_pb_section fb_built=&#8221;1&#8243; disabled_on=&#8221;on|on|on&#8221; _builder_version=&#8221;4.25.1&#8243; _module_preset=&#8221;default&#8221; use_background_color_gradient=&#8221;on&#8221; background_color_gradient_stops=&#8221;rgba(255,255,255,0.46) 0%|#ffffff 99%&#8221; background_color_gradient_overlays_image=&#8221;on&#8221; background_image=&#8221;https:\/\/eu-nis2.eu\/wp-content\/uploads\/2024\/05\/marquee_background_3-1.png&#8221; background_position=&#8221;top_right&#8221; da_disable_devices=&#8221;off|off|off&#8221; disabled=&#8221;on&#8221; global_colors_info=&#8221;{}&#8221; da_is_popup=&#8221;off&#8221; da_exit_intent=&#8221;off&#8221; da_has_close=&#8221;on&#8221; da_alt_close=&#8221;off&#8221; da_dark_close=&#8221;off&#8221; da_not_modal=&#8221;on&#8221; da_is_singular=&#8221;off&#8221; da_with_loader=&#8221;off&#8221; da_has_shadow=&#8221;on&#8221;][et_pb_row column_structure=&#8221;1_2,1_2&#8243; _builder_version=&#8221;4.25.1&#8243; _module_preset=&#8221;default&#8221; global_colors_info=&#8221;{}&#8221;][et_pb_column type=&#8221;1_2&#8243; _builder_version=&#8221;4.25.1&#8243; _module_preset=&#8221;default&#8221; global_colors_info=&#8221;{}&#8221;][et_pb_text _builder_version=&#8221;4.25.1&#8243; _module_preset=&#8221;default&#8221; header_font=&#8221;|800|||||||&#8221; header_text_color=&#8221;gcid-heading-color&#8221; header_font_size=&#8221;35px&#8221; header_line_height=&#8221;42.67px&#8221; global_colors_info=&#8221;{%22gcid-heading-color%22:%91%22header_text_color%22%93}&#8221;]<\/p>\n<h1><span><strong>T\u00edtulo da Sec\u00e7\u00e3o <\/strong> <\/span><span> <\/span><\/h1>\n<p>[\/et_pb_text][\/et_pb_column][et_pb_column type=&#8221;1_2&#8243; _builder_version=&#8221;4.25.1&#8243; _module_preset=&#8221;default&#8221; global_colors_info=&#8221;{}&#8221;][\/et_pb_column][\/et_pb_row][et_pb_row column_structure=&#8221;1_2,1_2&#8243; _builder_version=&#8221;4.25.1&#8243; _module_preset=&#8221;default&#8221; global_colors_info=&#8221;{}&#8221;][et_pb_column type=&#8221;1_2&#8243; _builder_version=&#8221;4.25.1&#8243; _module_preset=&#8221;default&#8221; global_colors_info=&#8221;{}&#8221;][et_pb_text _builder_version=&#8221;4.25.1&#8243; _module_preset=&#8221;default&#8221; text_text_color=&#8221;#777777&#8243; text_font_size=&#8221;20px&#8221; text_line_height=&#8221;30.75px&#8221; global_colors_info=&#8221;{}&#8221;]<\/p>\n<p><span>Ac ut consequat semper viverra nam libero justo. Cursus eget nunc scelerisque viverra. Consequat ac felis donec et. Iaculis eu non diam phasellus vestibulum. Ac odio tempor. <\/span><\/p>\n<p>[\/et_pb_text][et_pb_button button_text=&#8221;Mais Informa\u00e7\u00f5es&#8221; _builder_version=&#8221;4.25.1&#8243; _module_preset=&#8221;default&#8221; custom_button=&#8221;on&#8221; button_text_color=&#8221;#FFFFFF&#8221; button_bg_color=&#8221;gcid-primary-color&#8221; button_border_width=&#8221;0px&#8221; button_border_color=&#8221;gcid-secondary-color&#8221; button_border_radius=&#8221;4px&#8221; custom_padding=&#8221;12px||12px||true|false&#8221; custom_css_main_element=&#8221;||text-align:center;&#8221; global_colors_info=&#8221;{%22gcid-secondary-color%22:%91%22button_border_color%22,%22button_border_color%22%93,%22gcid-primary-color%22:%91%22button_bg_color%22,%22button_bg_color%22%93}&#8221;][\/et_pb_button][\/et_pb_column][et_pb_column type=&#8221;1_2&#8243; _builder_version=&#8221;4.25.1&#8243; _module_preset=&#8221;default&#8221; global_colors_info=&#8221;{}&#8221;][\/et_pb_column][\/et_pb_row][\/et_pb_section][et_pb_section fb_built=&#8221;1&#8243; disabled_on=&#8221;on|on|on&#8221; _builder_version=&#8221;4.25.1&#8243; _module_preset=&#8221;default&#8221; use_background_color_gradient=&#8221;on&#8221; background_color_gradient_stops=&#8221;#ffffff 0%|rgba(255,255,255,0.14) 98%&#8221; background_color_gradient_overlays_image=&#8221;on&#8221; background_image=&#8221;https:\/\/eu-nis2.eu\/wp-content\/uploads\/2024\/05\/background-1.png&#8221; background_size=&#8221;initial&#8221; background_position=&#8221;bottom_left&#8221; module_alignment=&#8221;left&#8221; da_disable_devices=&#8221;off|off|off&#8221; disabled=&#8221;on&#8221; global_colors_info=&#8221;{}&#8221; da_is_popup=&#8221;off&#8221; da_exit_intent=&#8221;off&#8221; da_has_close=&#8221;on&#8221; da_alt_close=&#8221;off&#8221; da_dark_close=&#8221;off&#8221; da_not_modal=&#8221;on&#8221; da_is_singular=&#8221;off&#8221; da_with_loader=&#8221;off&#8221; da_has_shadow=&#8221;on&#8221;][et_pb_row column_structure=&#8221;3_5,2_5&#8243; _builder_version=&#8221;4.25.1&#8243; _module_preset=&#8221;default&#8221; custom_padding=&#8221;150px||||false|false&#8221; global_colors_info=&#8221;{}&#8221;][et_pb_column type=&#8221;3_5&#8243; _builder_version=&#8221;4.25.1&#8243; _module_preset=&#8221;default&#8221; global_colors_info=&#8221;{}&#8221;][et_pb_text _builder_version=&#8221;4.25.1&#8243; _module_preset=&#8221;default&#8221; text_font=&#8221;&#8211;et_global_body_font|800|||||||&#8221; text_text_color=&#8221;gcid-heading-color&#8221; text_font_size=&#8221;30px&#8221; header_font=&#8221;|800||on|||||&#8221; header_font_size=&#8221;35px&#8221; header_line_height=&#8221;42.67em&#8221; global_colors_info=&#8221;{%22gcid-heading-color%22:%91%22text_text_color%22%93}&#8221;]<\/p>\n<p><strong>T\u00edtulo da Sec\u00e7\u00e3o<\/strong><\/p>\n<p>[\/et_pb_text][\/et_pb_column][et_pb_column type=&#8221;2_5&#8243; _builder_version=&#8221;4.25.1&#8243; _module_preset=&#8221;default&#8221; global_colors_info=&#8221;{}&#8221;][\/et_pb_column][\/et_pb_row][et_pb_row _builder_version=&#8221;4.25.1&#8243; _module_preset=&#8221;default&#8221; global_colors_info=&#8221;{}&#8221;][et_pb_column type=&#8221;4_4&#8243; _builder_version=&#8221;4.25.1&#8243; _module_preset=&#8221;default&#8221; global_colors_info=&#8221;{}&#8221;][et_pb_text _builder_version=&#8221;4.25.1&#8243; _module_preset=&#8221;default&#8221; text_text_color=&#8221;#777777&#8243; text_font_size=&#8221;20px&#8221; text_line_height=&#8221;30.75px&#8221; global_colors_info=&#8221;{}&#8221;]<\/p>\n<p><span>Feugiat pretium nibh ipsum consequat nisl. Sed blandit libero volutpat sed cras ornare arcu dui. Fames ac turpis egestas maecenas pharetra convallis posuere.<\/span><span>Facilisi morbi tempus iaculis urna id volutpat lacus. <\/span><\/p>\n<p>[\/et_pb_text][\/et_pb_column][\/et_pb_row][et_pb_row column_structure=&#8221;1_3,1_3,1_3&#8243; _builder_version=&#8221;4.25.1&#8243; _module_preset=&#8221;default&#8221; locked=&#8221;off&#8221; global_colors_info=&#8221;{}&#8221;][et_pb_column type=&#8221;1_3&#8243; _builder_version=&#8221;4.25.1&#8243; _module_preset=&#8221;default&#8221; global_colors_info=&#8221;{}&#8221;][et_pb_blurb title=&#8221;Curabitur 01&#8243; use_icon=&#8221;on&#8221; font_icon=&#8221;&#xf51c;||fa||900&#8243; icon_color=&#8221;#9d9d9d&#8221; image_icon_width=&#8221;30px&#8221; icon_alignment=&#8221;left&#8221; content_max_width=&#8221;528px&#8221; _builder_version=&#8221;4.25.1&#8243; _module_preset=&#8221;default&#8221; header_font=&#8221;|700|||||||&#8221; header_text_color=&#8221;gcid-body-color&#8221; header_font_size=&#8221;20px&#8221; header_line_height=&#8221;24.38px&#8221; body_text_color=&#8221;#777777&#8243; body_line_height=&#8221;30.75px&#8221; width=&#8221;100%&#8221; max_width=&#8221;100%&#8221; global_colors_info=&#8221;{%22gcid-body-color%22:%91%22header_text_color%22%93}&#8221;]<\/p>\n<p style=\"text-align: left;\"><span>Excepteur sint occaecat cupidatat non proident, sunt in culpa qui officia deserunt mollit anim id est laborum.<\/span><\/p>\n<p>[\/et_pb_blurb][\/et_pb_column][et_pb_column type=&#8221;1_3&#8243; _builder_version=&#8221;4.25.1&#8243; _module_preset=&#8221;default&#8221; global_colors_info=&#8221;{}&#8221;][et_pb_blurb title=&#8221;Curabitur 02&#8243; use_icon=&#8221;on&#8221; font_icon=&#8221;&#xf51c;||fa||900&#8243; icon_color=&#8221;#9d9d9d&#8221; image_icon_width=&#8221;30px&#8221; icon_alignment=&#8221;left&#8221; content_max_width=&#8221;528px&#8221; _builder_version=&#8221;4.25.1&#8243; _module_preset=&#8221;default&#8221; header_font=&#8221;|700|||||||&#8221; header_text_color=&#8221;gcid-body-color&#8221; header_font_size=&#8221;20px&#8221; header_line_height=&#8221;24.38px&#8221; body_text_color=&#8221;#777777&#8243; body_line_height=&#8221;30.75px&#8221; width=&#8221;100%&#8221; max_width=&#8221;100%&#8221; global_colors_info=&#8221;{%22gcid-body-color%22:%91%22header_text_color%22%93}&#8221;]<\/p>\n<p style=\"text-align: left;\"><span>Excepteur sint occaecat cupidatat non proident, sunt in culpa qui officia deserunt mollit anim id est laborum.<\/span><\/p>\n<p>[\/et_pb_blurb][\/et_pb_column][et_pb_column type=&#8221;1_3&#8243; _builder_version=&#8221;4.25.1&#8243; _module_preset=&#8221;default&#8221; global_colors_info=&#8221;{}&#8221;][et_pb_blurb title=&#8221;Curabitur 03&#8243; use_icon=&#8221;on&#8221; font_icon=&#8221;&#xf51c;||fa||900&#8243; icon_color=&#8221;#9d9d9d&#8221; image_icon_width=&#8221;30px&#8221; icon_alignment=&#8221;left&#8221; content_max_width=&#8221;528px&#8221; _builder_version=&#8221;4.25.1&#8243; _module_preset=&#8221;default&#8221; header_font=&#8221;|700|||||||&#8221; header_text_color=&#8221;gcid-body-color&#8221; header_font_size=&#8221;20px&#8221; header_line_height=&#8221;24.38px&#8221; body_text_color=&#8221;#777777&#8243; body_line_height=&#8221;30.75px&#8221; width=&#8221;100%&#8221; max_width=&#8221;100%&#8221; global_colors_info=&#8221;{%22gcid-body-color%22:%91%22header_text_color%22%93,%22gcid-heading-color%22:%91%22header_text_color%22%93}&#8221;]<\/p>\n<p style=\"text-align: left;\"><span>Excepteur sint occaecat cupidatat non proident, sunt in culpa qui officia deserunt mollit anim id est laborum.<\/span><\/p>\n<p>[\/et_pb_blurb][\/et_pb_column][\/et_pb_row][\/et_pb_section]<\/p>\n","protected":false},"excerpt":{"rendered":"<p>Sabe qual o impacto da Diretiva Resili\u00eancia das Entidades Cr\u00edticas (RCE) na sua organiza\u00e7\u00e3o?Diretiva Resili\u00eancia das Entidades Cr\u00edticasDiretiva (UE) 2022\/2557, de 14 de dezembro de 2022 Gostaria de ter acesso gratuito a um conjunto de recursos sobre este regulamento?Recursos de Directivas de Resili\u00eancia das Entidades Cr\u00edticasDiretiva (UE) 2022\/2557, de 14 de dezembro de 2022 Excepteur [&hellip;]<\/p>\n","protected":false},"author":2,"featured_media":0,"parent":0,"menu_order":0,"comment_status":"closed","ping_status":"closed","template":"","meta":{"_et_pb_use_builder":"on","_et_pb_old_content":"","_et_gb_content_width":"","inline_featured_image":false,"footnotes":""},"categories":[],"tags":[],"class_list":["post-303","page","type-page","status-publish","hentry"],"aioseo_notices":[],"jetpack_sharing_enabled":true,"_links":{"self":[{"href":"https:\/\/critical-entities-resilience.eu\/pt-pt\/wp-json\/wp\/v2\/pages\/303","targetHints":{"allow":["GET"]}}],"collection":[{"href":"https:\/\/critical-entities-resilience.eu\/pt-pt\/wp-json\/wp\/v2\/pages"}],"about":[{"href":"https:\/\/critical-entities-resilience.eu\/pt-pt\/wp-json\/wp\/v2\/types\/page"}],"author":[{"embeddable":true,"href":"https:\/\/critical-entities-resilience.eu\/pt-pt\/wp-json\/wp\/v2\/users\/2"}],"replies":[{"embeddable":true,"href":"https:\/\/critical-entities-resilience.eu\/pt-pt\/wp-json\/wp\/v2\/comments?post=303"}],"version-history":[{"count":9,"href":"https:\/\/critical-entities-resilience.eu\/pt-pt\/wp-json\/wp\/v2\/pages\/303\/revisions"}],"predecessor-version":[{"id":357,"href":"https:\/\/critical-entities-resilience.eu\/pt-pt\/wp-json\/wp\/v2\/pages\/303\/revisions\/357"}],"wp:attachment":[{"href":"https:\/\/critical-entities-resilience.eu\/pt-pt\/wp-json\/wp\/v2\/media?parent=303"}],"wp:term":[{"taxonomy":"category","embeddable":true,"href":"https:\/\/critical-entities-resilience.eu\/pt-pt\/wp-json\/wp\/v2\/categories?post=303"},{"taxonomy":"post_tag","embeddable":true,"href":"https:\/\/critical-entities-resilience.eu\/pt-pt\/wp-json\/wp\/v2\/tags?post=303"}],"curies":[{"name":"wp","href":"https:\/\/api.w.org\/{rel}","templated":true}]}}