{"id":327,"date":"2024-05-29T15:05:14","date_gmt":"2024-05-29T15:05:14","guid":{"rendered":"https:\/\/critical-entities-resilience.eu\/index.php\/ficha-tecnica\/"},"modified":"2024-06-13T14:36:44","modified_gmt":"2024-06-13T14:36:44","slug":"ficha-tecnica","status":"publish","type":"page","link":"https:\/\/critical-entities-resilience.eu\/pt-pt\/ficha-tecnica\/","title":{"rendered":"Ficha T\u00e9cnica"},"content":{"rendered":"<p>[et_pb_section fb_built=&#8221;1&#8243; _builder_version=&#8221;4.25.1&#8243; _module_preset=&#8221;default&#8221; background_color=&#8221;#f7f7f7&#8243; custom_margin=&#8221;100px||||false|false&#8221; da_disable_devices=&#8221;off|off|off&#8221; global_colors_info=&#8221;{}&#8221; da_is_popup=&#8221;off&#8221; da_exit_intent=&#8221;off&#8221; da_has_close=&#8221;on&#8221; da_alt_close=&#8221;off&#8221; da_dark_close=&#8221;off&#8221; da_not_modal=&#8221;on&#8221; da_is_singular=&#8221;off&#8221; da_with_loader=&#8221;off&#8221; da_has_shadow=&#8221;on&#8221;][et_pb_row _builder_version=&#8221;4.25.1&#8243; _module_preset=&#8221;default&#8221; global_colors_info=&#8221;{}&#8221;][et_pb_column type=&#8221;4_4&#8243; _builder_version=&#8221;4.25.1&#8243; _module_preset=&#8221;default&#8221; global_colors_info=&#8221;{}&#8221;][et_pb_text _builder_version=&#8221;4.25.1&#8243; _module_preset=&#8221;default&#8221; global_colors_info=&#8221;{}&#8221;]<\/p>\n<h1><strong><span data-contrast=\"none\" xml:lang=\"PT-PT\" lang=\"PT-PT\" class=\"TextRun SCXW169555500 BCX8\"><span class=\"NormalTextRun SCXW169555500 BCX8\">Ficha T\u00e9cnica<\/span><\/span><\/strong><\/h1>\n<p>[\/et_pb_text][\/et_pb_column][\/et_pb_row][et_pb_row _builder_version=&#8221;4.25.1&#8243; _module_preset=&#8221;default&#8221; global_colors_info=&#8221;{}&#8221;][et_pb_column type=&#8221;4_4&#8243; _builder_version=&#8221;4.25.1&#8243; _module_preset=&#8221;default&#8221; global_colors_info=&#8221;{}&#8221;][et_pb_text _builder_version=&#8221;4.25.1&#8243; _module_preset=&#8221;default&#8221; hover_enabled=&#8221;0&#8243; global_colors_info=&#8221;{}&#8221; sticky_enabled=&#8221;0&#8243;]<\/p>\n<h3 class=\"et_pb_module_header\" style=\"text-align: left;\"><strong>Ficha T\u00e9cnica do S\u00edtio Eletr\u00f3nico www.critical-entities-resilience.eu<\/strong><\/h3>\n<h4 class=\"et_pb_module_header\"><\/h4>\n<p>[\/et_pb_text][\/et_pb_column][\/et_pb_row][et_pb_row _builder_version=&#8221;4.25.1&#8243; _module_preset=&#8221;default&#8221; global_colors_info=&#8221;{}&#8221;][et_pb_column type=&#8221;4_4&#8243; _builder_version=&#8221;4.25.1&#8243; _module_preset=&#8221;default&#8221; global_colors_info=&#8221;{}&#8221;][et_pb_text _builder_version=&#8221;4.25.1&#8243; _module_preset=&#8221;default&#8221; hover_enabled=&#8221;0&#8243; global_colors_info=&#8221;{}&#8221; sticky_enabled=&#8221;0&#8243;]<\/p>\n<p class=\"p2\">Ficha de informa\u00e7\u00e3o sobre os elementos de identifica\u00e7\u00e3o institucional do s\u00edtio eletr\u00f3nico <strong>critical-entities-resilience.eu<\/strong>, as suas caracter\u00edsticas gerais e as formas ou condi\u00e7\u00f5es de utiliza\u00e7\u00e3o.<\/p>\n<h5 class=\"p2\"><b>Data de ativa\u00e7\u00e3o<\/b><\/h5>\n<p class=\"p2\"><b><br \/><\/b><span class=\"Apple-converted-space\"> <\/span>O s\u00edtio eletr\u00f3nico <strong>critical-entities-resilience.eu<\/strong> foi ativado em 13 de junho de 2024.<\/p>\n<h5 class=\"p3\"><b>Propriedade do s\u00edtio<\/b><\/h5>\n<p class=\"p3\">O s\u00edtio eletr\u00f3nico <strong>critical-entities-resilience.eu<\/strong> \u00e9 propriedade da pessoa colectiva Audiqcer, Lda, com o n\u00famero de identifica\u00e7\u00e3o de pessoa colectiva 515234583.<\/p>\n<h5 class=\"p3\"><b>Identifica\u00e7\u00e3o institucional<\/b><\/h5>\n<p class=\"p3\">A pessoa colectiva Audiqcer &#8211; Auditing, Quality &amp; Certification Services, Lda, \u00e9 uma sociedade an\u00f3nima constitu\u00edda em Portugal, com sede em Entre as \u00c1guas, Estrada Nacional 255, S\/N, 7860-360 Moura, Portugal, cujo n\u00famero de identifica\u00e7\u00e3o fiscal \u00e9 PT515234583.<\/p>\n<h5 class=\"p3\"><b>Contactos institucionais<\/b><\/h5>\n<p class=\"p3\">A Audiqcer, Lda, pode ser contactada atrav\u00e9s dos seguintes canais de comunica\u00e7\u00e3o:<\/p>\n<p class=\"p3\">\u2013 Telefone geral: (+351) 213243750;<\/p>\n<p class=\"p3\">\u2013 Telefax geral: (+351) 213243759;<\/p>\n<p class=\"p3\">\u2013 E-mail geral: info@audiqcer.com .<\/p>\n<h5 class=\"p3\"><b>Contactar o respons\u00e1vel pela prote\u00e7\u00e3o de dados<\/b><\/h5>\n<p class=\"p3\">O respons\u00e1vel pela prote\u00e7\u00e3o de dados do propriet\u00e1rio do s\u00edtio eletr\u00f3nico pode ser contactado atrav\u00e9s do endere\u00e7o eletr\u00f3nico dataprotection@audiqcer.com.<\/p>\n<h5 class=\"p3\"><b>Contacto do respons\u00e1vel pela seguran\u00e7a<\/b><\/h5>\n<p class=\"p3\">O respons\u00e1vel pela seguran\u00e7a do propriet\u00e1rio do s\u00edtio eletr\u00f3nico pode ser contactado atrav\u00e9s do endere\u00e7o eletr\u00f3nico security@audiqcer.com.<\/p>\n<h5 class=\"p3\"><b>Contacto do administrador do sistema<\/b><\/h5>\n<p class=\"p3\">O administrador do sistema do propriet\u00e1rio do s\u00edtio eletr\u00f3nico pode ser contactado atrav\u00e9s do endere\u00e7o admin@audiqcer.com .<\/p>\n<h5 class=\"p3\"><b>Pol\u00edtica de prote\u00e7\u00e3o de dados<\/b><\/h5>\n<p class=\"p3\">A pol\u00edtica de prote\u00e7\u00e3o de dados pode ser consultada em https:\/\/www.audiqcer.com\/politica-de-protecao-de-dados\/ .<\/p>\n<h5 class=\"p3\"><b>Direitos de autor<\/b><\/h5>\n<p class=\"p3\">Os conte\u00fados publicados no s\u00edtio eletr\u00f3nico que n\u00e3o provenham de fontes p\u00fablicas, nomeadamente os textos, imagens, desenhos, fotografias, planos e todos os outros conte\u00fados, bem como as marcas, log\u00f3tipos, nomes e denomina\u00e7\u00f5es, est\u00e3o protegidos por direitos de autor e direitos de propriedade industrial detidos pelo propriet\u00e1rio, pelo respons\u00e1vel editorial ou por outras institui\u00e7\u00f5es expressamente identificadas como tal.<\/p>\n<p class=\"p3\">Os conte\u00fados do s\u00edtio, no todo ou em parte, n\u00e3o podem ser editados, publicados, difundidos ou reproduzidos por qualquer meio t\u00e9cnico, nem podem ser descarregados ou copiados sem autoriza\u00e7\u00e3o pr\u00e9via, expressa e escrita do propriet\u00e1rio ou de outros titulares dos direitos de propriedade intelectual identificados no s\u00edtio.<\/p>\n<p class=\"p3\">\u00c9 necess\u00e1ria a mesma autoriza\u00e7\u00e3o pr\u00e9via, expressa e escrita, quer do titular, quer dos demais titulares dos direitos de propriedade intelectual identificados no s\u00edtio, para que os conte\u00fados do s\u00edtio, no todo ou em parte, possam ser transformados ou modificados, ou adaptados ou extra\u00eddos para outras utiliza\u00e7\u00f5es, com exce\u00e7\u00e3o dos casos considerados de utiliza\u00e7\u00e3o livre, previstos na legisla\u00e7\u00e3o portuguesa e em particular no C\u00f3digo do Direito de Autor e dos Direitos Conexos.<\/p>\n<p class=\"p3\">A utiliza\u00e7\u00e3o n\u00e3o autorizada, sob qualquer forma, ser\u00e1 considerada il\u00edcita e ser\u00e1 objeto de procedimento criminal e civil, bem como disciplinar, se necess\u00e1rio, perante os Tribunais Portugueses, nos termos da Lei da Criminalidade Inform\u00e1tica, do C\u00f3digo do Direito de Autor e dos Direitos Conexos, do C\u00f3digo da Propriedade Industrial e demais legisla\u00e7\u00e3o aplic\u00e1vel.<\/p>\n<h5 class=\"p3\"><b>Suporte t\u00e9cnico<\/b><\/h5>\n<p class=\"p3\">Para qualquer tipo de ajuda ou apoio t\u00e9cnico, por favor contacte o Centro de Help-Desk, atrav\u00e9s do link HELP-DESK ou pelo telefone (+351) 213 243 750, dispon\u00edvel todos os dias \u00fateis, entre as 9.00 e as 18.00 horas.<\/p>\n<p class=\"p5\">[\/et_pb_text][et_pb_text module_id=&#8221;note&#8221; _builder_version=&#8221;4.25.1&#8243; _module_preset=&#8221;default&#8221; global_colors_info=&#8221;{}&#8221;]<\/p>\n<h5><strong>Notas<\/strong><\/h5>\n<p>*Chamada para a rede fixa nacional<\/p>\n<p>[\/et_pb_text][et_pb_text _builder_version=&#8221;4.25.1&#8243; _module_preset=&#8221;default&#8221; hover_enabled=&#8221;0&#8243; global_colors_info=&#8221;{}&#8221; sticky_enabled=&#8221;0&#8243;]<\/p>\n<h5><strong>Vers\u00e3o da Ficha T\u00e9cnica<\/strong><\/h5>\n<p>A Ficha T\u00e9cnica foi publicada em 13 de junho de 2024, com a refer\u00eancia: Vers\u00e3o FT\/01.<\/p>\n<p>[\/et_pb_text][\/et_pb_column][\/et_pb_row][\/et_pb_section]<\/p>\n","protected":false},"excerpt":{"rendered":"<p>Ficha T\u00e9cnicaFicha T\u00e9cnica do S\u00edtio Eletr\u00f3nico www.critical-entities-resilience.eu Ficha de informa\u00e7\u00e3o sobre os elementos de identifica\u00e7\u00e3o institucional do s\u00edtio eletr\u00f3nico critical-entities-resilience.eu, as suas caracter\u00edsticas gerais e as formas ou condi\u00e7\u00f5es de utiliza\u00e7\u00e3o. Data de ativa\u00e7\u00e3o O s\u00edtio eletr\u00f3nico critical-entities-resilience.eu foi ativado em 13 de junho de 2024. Propriedade do s\u00edtio O s\u00edtio eletr\u00f3nico critical-entities-resilience.eu \u00e9 propriedade [&hellip;]<\/p>\n","protected":false},"author":2,"featured_media":0,"parent":0,"menu_order":0,"comment_status":"closed","ping_status":"closed","template":"","meta":{"_et_pb_use_builder":"on","_et_pb_old_content":"","_et_gb_content_width":"","inline_featured_image":false,"footnotes":""},"categories":[],"tags":[],"class_list":["post-327","page","type-page","status-publish","hentry"],"aioseo_notices":[],"jetpack_sharing_enabled":true,"_links":{"self":[{"href":"https:\/\/critical-entities-resilience.eu\/pt-pt\/wp-json\/wp\/v2\/pages\/327","targetHints":{"allow":["GET"]}}],"collection":[{"href":"https:\/\/critical-entities-resilience.eu\/pt-pt\/wp-json\/wp\/v2\/pages"}],"about":[{"href":"https:\/\/critical-entities-resilience.eu\/pt-pt\/wp-json\/wp\/v2\/types\/page"}],"author":[{"embeddable":true,"href":"https:\/\/critical-entities-resilience.eu\/pt-pt\/wp-json\/wp\/v2\/users\/2"}],"replies":[{"embeddable":true,"href":"https:\/\/critical-entities-resilience.eu\/pt-pt\/wp-json\/wp\/v2\/comments?post=327"}],"version-history":[{"count":2,"href":"https:\/\/critical-entities-resilience.eu\/pt-pt\/wp-json\/wp\/v2\/pages\/327\/revisions"}],"predecessor-version":[{"id":329,"href":"https:\/\/critical-entities-resilience.eu\/pt-pt\/wp-json\/wp\/v2\/pages\/327\/revisions\/329"}],"wp:attachment":[{"href":"https:\/\/critical-entities-resilience.eu\/pt-pt\/wp-json\/wp\/v2\/media?parent=327"}],"wp:term":[{"taxonomy":"category","embeddable":true,"href":"https:\/\/critical-entities-resilience.eu\/pt-pt\/wp-json\/wp\/v2\/categories?post=327"},{"taxonomy":"post_tag","embeddable":true,"href":"https:\/\/critical-entities-resilience.eu\/pt-pt\/wp-json\/wp\/v2\/tags?post=327"}],"curies":[{"name":"wp","href":"https:\/\/api.w.org\/{rel}","templated":true}]}}